{"id":45,"date":"2026-02-02T18:16:07","date_gmt":"2026-02-02T18:16:07","guid":{"rendered":"https:\/\/eamarinotomasyon.com\/home\/"},"modified":"2026-02-26T23:46:44","modified_gmt":"2026-02-26T20:46:44","slug":"home","status":"publish","type":"page","link":"https:\/\/eamarinotomasyon.com\/en\/","title":{"rendered":"Anasayfa"},"content":{"rendered":"<div data-elementor-type=\"wp-page\" data-elementor-id=\"45\" class=\"elementor elementor-45\">\n\t\t\t\t<div data-aos=\"fade-up\" class=\"hostinger-elementor-aos elementor-element elementor-element-64c6bef e-grid e-con-boxed e-con e-parent\" data-id=\"64c6bef\" data-element_type=\"container\" data-e-type=\"container\" id=\"hostinger-ai-hero-3\" data-settings=\"{&quot;background_background&quot;:&quot;classic&quot;}\">\n\t\t\t\t\t<div class=\"e-con-inner\">\n\t\t<div data-aos=\"fade-up\" class=\"hostinger-elementor-aos elementor-element elementor-element-ea00c9a e-con-full e-flex e-con e-child\" data-id=\"ea00c9a\" data-element_type=\"container\" data-e-type=\"container\">\n\t\t\t\t<div class=\"elementor-element elementor-element-f30974f hostinger-ai-title elementor-widget elementor-widget-heading\" data-id=\"f30974f\" data-element_type=\"widget\" data-e-type=\"widget\" data-widget_type=\"heading.default\">\n\t\t\t\t\t<h1 class=\"elementor-heading-title elementor-size-default\">EA Marine &amp; Automation<\/h1>\t\t\t\t<\/div>\n\t\t\t\t<div class=\"elementor-element elementor-element-f325d9d hostinger-ai-description elementor-widget elementor-widget-text-editor\" data-id=\"f325d9d\" data-element_type=\"widget\" data-e-type=\"widget\" data-widget_type=\"text-editor.default\">\n\t\t\t\t\t\t\t\t\t<p>Your Complete Partner in Marine Mechanical, Electrical, and Automation Systems.<\/p>\t\t\t\t\t\t\t\t<\/div>\n\t\t\t\t<\/div>\n\t\t<div data-aos=\"fade-up\" class=\"hostinger-elementor-aos elementor-element elementor-element-38aea83 e-con-full e-flex e-con e-child\" data-id=\"38aea83\" data-element_type=\"container\" data-e-type=\"container\">\n\t\t\t\t<div class=\"elementor-element elementor-element-9e74bae hostinger-ai-image elementor-widget elementor-widget-image\" data-id=\"9e74bae\" data-element_type=\"widget\" data-e-type=\"widget\" data-widget_type=\"image.default\">\n\t\t\t\t\t\t\t\t\t\t\t\t\t\t\t<img decoding=\"async\" src=\"https:\/\/images.unsplash.com\/photo-1599075394257-625266575c32?q=85&#038;w=584&#038;h=438&#038;fit=crop\" title=\"\" alt=\"A large yacht docked at a marina, with a mountainous landscape in the background under a partly cloudy sky. The yacht has visible text on its side and appears to be well-maintained. The image is in black and white, giving it a classic feel.\" loading=\"lazy\" \/>\t\t\t\t\t\t\t\t\t\t\t\t\t\t\t<\/div>\n\t\t\t\t<\/div>\n\t\t\t\t\t<\/div>\n\t\t\t\t<\/div>\n\t\t<div data-aos=\"fade-up\" class=\"hostinger-elementor-aos elementor-element elementor-element-597439c hostinger-ai-about-us-1 e-flex e-con-boxed e-con e-parent\" data-id=\"597439c\" data-element_type=\"container\" data-e-type=\"container\">\n\t\t\t\t\t<div class=\"e-con-inner\">\n\t\t<div data-aos=\"fade-up\" class=\"hostinger-elementor-aos elementor-element elementor-element-9381adf e-con-full e-grid e-con e-child\" data-id=\"9381adf\" data-element_type=\"container\" data-e-type=\"container\">\n\t\t<div data-aos=\"fade-up\" class=\"hostinger-elementor-aos elementor-element elementor-element-4467dfa e-con-full e-flex e-con e-child\" data-id=\"4467dfa\" data-element_type=\"container\" data-e-type=\"container\">\n\t\t\t\t<div class=\"elementor-element elementor-element-8f2a5d3 hostinger-ai-title elementor-widget elementor-widget-heading\" data-id=\"8f2a5d3\" data-element_type=\"widget\" data-e-type=\"widget\" data-widget_type=\"heading.default\">\n\t\t\t\t\t<h2 class=\"elementor-heading-title elementor-size-default\">About Us<\/h2>\t\t\t\t<\/div>\n\t\t\t\t<\/div>\n\t\t<div data-aos=\"fade-up\" class=\"hostinger-elementor-aos elementor-element elementor-element-c11dee4 e-con-full e-flex e-con e-child\" data-id=\"c11dee4\" data-element_type=\"container\" data-e-type=\"container\">\n\t\t\t\t<div class=\"elementor-element elementor-element-090e94c hostinger-ai-description elementor-widget elementor-widget-text-editor\" data-id=\"090e94c\" data-element_type=\"widget\" data-e-type=\"widget\" data-widget_type=\"text-editor.default\">\n\t\t\t\t\t\t\t\t\t<p>EA Marine &amp; Automation provides professional maintenance, revision, and precise diagnostics for mechanical, electrical, and automation systems on marine vessels, ensuring safe and sustainable operations.<\/p>\t\t\t\t\t\t\t\t<\/div>\n\t\t\t\t<div class=\"elementor-element elementor-element-b157ef3 hostinger-ai-cta-button hostinger-index-0 elementor-widget elementor-widget-button\" data-id=\"b157ef3\" data-element_type=\"widget\" data-e-type=\"widget\" data-widget_type=\"button.default\">\n\t\t\t\t\t\t\t\t\t\t<a class=\"elementor-button elementor-button-link elementor-size-sm\" href=\"https:\/\/eamarinotomasyon.com\/en\/\">\n\t\t\t\t\t\t<span class=\"elementor-button-content-wrapper\">\n\t\t\t\t\t\t\t\t\t<span class=\"elementor-button-text\">Learn More<\/span>\n\t\t\t\t\t<\/span>\n\t\t\t\t\t<\/a>\n\t\t\t\t\t\t\t\t<\/div>\n\t\t\t\t<\/div>\n\t\t\t\t<\/div>\n\t\t<div data-aos=\"fade-up\" class=\"hostinger-elementor-aos elementor-element elementor-element-601be53 image-row e-con-full e-flex e-con e-child\" data-id=\"601be53\" data-element_type=\"container\" data-e-type=\"container\">\n\t\t\t\t<div class=\"elementor-element elementor-element-57f0e99 hostinger-ai-image hostinger-index-6 elementor-widget elementor-widget-image\" data-id=\"57f0e99\" data-element_type=\"widget\" data-e-type=\"widget\" data-widget_type=\"image.default\">\n\t\t\t\t\t\t\t\t\t\t\t\t\t\t\t<img decoding=\"async\" src=\"https:\/\/images.unsplash.com\/photo-1698666348132-fa9121fd6d19?q=85&#038;w=350&#038;h=300&#038;fit=crop\" title=\"\" alt=\"An aerial view of a sleek, modern ship navigating through deep blue-green ocean waters. The ship&#039;s deck features various equipment, vehicles, and structures arranged symmetrically.\" loading=\"lazy\" \/>\t\t\t\t\t\t\t\t\t\t\t\t\t\t\t<\/div>\n\t\t\t\t<div class=\"elementor-element elementor-element-b8ff7d4 hostinger-ai-image hostinger-index-7 elementor-widget elementor-widget-image\" data-id=\"b8ff7d4\" data-element_type=\"widget\" data-e-type=\"widget\" data-widget_type=\"image.default\">\n\t\t\t\t\t\t\t\t\t\t\t\t\t\t\t<img decoding=\"async\" src=\"https:\/\/images.unsplash.com\/photo-1631370124859-07439361e442?q=85&#038;w=750&#038;h=300&#038;fit=crop\" title=\"\" alt=\"A motor yacht is cruising on a vibrant blue sea against the backdrop of a steep cliff with sparse greenery. The water is sparkling under the sunlight, adding a sense of freshness and openness.\" loading=\"lazy\" \/>\t\t\t\t\t\t\t\t\t\t\t\t\t\t\t<\/div>\n\t\t\t\t<\/div>\n\t\t\t\t\t<\/div>\n\t\t\t\t<\/div>\n\t\t<div data-aos=\"fade-up\" class=\"hostinger-elementor-aos elementor-element elementor-element-76384ba hostinger-ai-our-services-2 e-flex e-con-boxed e-con e-parent\" data-id=\"76384ba\" data-element_type=\"container\" data-e-type=\"container\" data-settings=\"{&quot;background_background&quot;:&quot;classic&quot;}\">\n\t\t\t\t\t<div class=\"e-con-inner\">\n\t\t<div data-aos=\"fade-up\" class=\"hostinger-elementor-aos elementor-element elementor-element-6aabfe1 e-con-full e-flex e-con e-child\" data-id=\"6aabfe1\" data-element_type=\"container\" data-e-type=\"container\">\n\t\t\t\t<div class=\"elementor-element elementor-element-f7ed4dd hostinger-ai-title elementor-widget elementor-widget-heading\" data-id=\"f7ed4dd\" data-element_type=\"widget\" data-e-type=\"widget\" data-widget_type=\"heading.default\">\n\t\t\t\t\t<h2 class=\"elementor-heading-title elementor-size-default\">Our Servies<\/h2>\t\t\t\t<\/div>\n\t\t<div data-aos=\"fade-up\" class=\"hostinger-elementor-aos elementor-element elementor-element-fdcb56c e-grid e-con-full e-con e-child\" data-id=\"fdcb56c\" data-element_type=\"container\" data-e-type=\"container\">\n\t\t<div data-aos=\"fade-up\" class=\"hostinger-elementor-aos elementor-element elementor-element-df3b27a e-con-full e-flex e-con e-child\" data-id=\"df3b27a\" data-element_type=\"container\" data-e-type=\"container\">\n\t\t\t\t<div class=\"elementor-element elementor-element-d13d5fe hostinger-ai-service-image elementor-widget elementor-widget-image\" data-id=\"d13d5fe\" data-element_type=\"widget\" data-e-type=\"widget\" data-widget_type=\"image.default\">\n\t\t\t\t\t\t\t\t\t\t\t\t\t\t\t<img decoding=\"async\" src=\"https:\/\/images.unsplash.com\/photo-1608497455670-19798bbfe180?q=85&#038;w=340&#038;h=340&#038;fit=crop\" title=\"\" alt=\"A maritime scene featuring a large white ship docked near an industrial area. The ship has &#039;H18&#039; marked on its hull and various equipment and life rings visible on its decks. Behind the ship, there is an old warehouse with red doors and a weathered facade, alongside an array of urban buildings of varying architectural styles. Palm trees and patches of greenery are integrated into the urban landscape.\" loading=\"lazy\" \/>\t\t\t\t\t\t\t\t\t\t\t\t\t\t\t<\/div>\n\t\t\t\t<div class=\"elementor-element elementor-element-3e790c6 hostinger-ai-service-description elementor-widget elementor-widget-text-editor\" data-id=\"3e790c6\" data-element_type=\"widget\" data-e-type=\"widget\" data-widget_type=\"text-editor.default\">\n\t\t\t\t\t\t\t\t\t<ul><li data-start=\"950\" data-end=\"980\"><p data-start=\"952\" data-end=\"980\">Fault diagnostics for marine electrical systems<\/p><\/li><li data-start=\"981\" data-end=\"1007\"><p data-start=\"983\" data-end=\"1007\">Panel control and revision<\/p><\/li><li data-start=\"1008\" data-end=\"1041\"><p data-start=\"1010\" data-end=\"1041\">Testing of sensors and field equipment<\/p><\/li><li data-start=\"1042\" data-end=\"1069\"><p data-start=\"1044\" data-end=\"1069\">Alarm and monitoring systems setup and maintenance<\/p><\/li><li data-start=\"1070\" data-end=\"1106\"><p data-start=\"1072\" data-end=\"1106\">Automation system fault analysis<\/p><\/li><\/ul><p>\u00a0<\/p><ul><li data-start=\"1107\" data-end=\"1144\"><p data-start=\"1109\" data-end=\"1144\">System modernization and integration<\/p><\/li><\/ul>\t\t\t\t\t\t\t\t<\/div>\n\t\t\t\t<\/div>\n\t\t<div data-aos=\"fade-up\" class=\"hostinger-elementor-aos elementor-element elementor-element-0d9383c e-con-full e-flex e-con e-child\" data-id=\"0d9383c\" data-element_type=\"container\" data-e-type=\"container\">\n\t\t\t\t<div class=\"elementor-element elementor-element-3377a60 hostinger-ai-service-image hostinger-index-1 elementor-widget elementor-widget-image\" data-id=\"3377a60\" data-element_type=\"widget\" data-e-type=\"widget\" data-widget_type=\"image.default\">\n\t\t\t\t\t\t\t\t\t\t\t\t\t\t\t<img decoding=\"async\" src=\"https:\/\/images.unsplash.com\/photo-1549354324-d4d634faaaa5?q=85&#038;w=340&#038;h=340&#038;fit=crop\" title=\"\" alt=\"A close-up of a boat engine with various mechanical components like belts and gears, set against a backdrop of a boat on water, with some out-of-focus elements suggesting a maritime setting.\" loading=\"lazy\" \/>\t\t\t\t\t\t\t\t\t\t\t\t\t\t\t<\/div>\n\t\t\t\t<div class=\"elementor-element elementor-element-97eff75 hostinger-ai-service-description hostinger-index-1 elementor-widget elementor-widget-text-editor\" data-id=\"97eff75\" data-element_type=\"widget\" data-e-type=\"widget\" data-widget_type=\"text-editor.default\">\n\t\t\t\t\t\t\t\t\t<ul><li data-start=\"464\" data-end=\"501\"><p data-start=\"466\" data-end=\"501\">Maintenance of main and auxiliary engines<\/p><\/li><li data-start=\"502\" data-end=\"536\"><p data-start=\"504\" data-end=\"536\">Periodic maintenance and fault resolution<\/p><\/li><li data-start=\"537\" data-end=\"573\"><p data-start=\"539\" data-end=\"573\">Mechanical overhaul and parts replacement<\/p><\/li><li data-start=\"574\" data-end=\"611\"><p data-start=\"576\" data-end=\"611\">Maintenance and inspection of cooling systems<\/p><\/li><li data-start=\"612\" data-end=\"652\"><p data-start=\"614\" data-end=\"652\">Shaft, pump, and mechanical equipment repair<\/p><\/li><\/ul><p>\u00a0<\/p><ul><li data-start=\"653\" data-end=\"682\"><p data-start=\"655\" data-end=\"682\">Emergency technical service<\/p><\/li><\/ul>\t\t\t\t\t\t\t\t<\/div>\n\t\t\t\t<\/div>\n\t\t\t\t<\/div>\n\t\t\t\t<\/div>\n\t\t\t\t\t<\/div>\n\t\t\t\t<\/div>\n\t\t<div data-aos=\"fade-up\" class=\"hostinger-elementor-aos elementor-element elementor-element-74ed817 e-flex e-con-boxed e-con e-parent\" data-id=\"74ed817\" data-element_type=\"container\" data-e-type=\"container\">\n\t\t\t\t\t<div class=\"e-con-inner\">\n\t\t<div data-aos=\"fade-up\" class=\"hostinger-elementor-aos elementor-element elementor-element-ef04a76 e-grid hostinger-ai-contact-form-3 e-con-full e-con e-child\" data-id=\"ef04a76\" data-element_type=\"container\" data-e-type=\"container\">\n\t\t<div data-aos=\"fade-up\" class=\"hostinger-elementor-aos elementor-element elementor-element-9eb5a6e e-con-full e-flex e-con e-child\" data-id=\"9eb5a6e\" data-element_type=\"container\" data-e-type=\"container\">\n\t\t\t\t<div class=\"elementor-element elementor-element-066164e hostinger-ai-title elementor-widget elementor-widget-heading\" data-id=\"066164e\" data-element_type=\"widget\" data-e-type=\"widget\" data-widget_type=\"heading.default\">\n\t\t\t\t\t<h2 class=\"elementor-heading-title elementor-size-default\">Contact<\/h2>\t\t\t\t<\/div>\n\t\t\t\t<div class=\"elementor-element elementor-element-7345513 elementor-widget elementor-widget-text-editor\" data-id=\"7345513\" data-element_type=\"widget\" data-e-type=\"widget\" data-widget_type=\"text-editor.default\">\n\t\t\t\t\t\t\t\t\t<p>bilgi@eamarinotomasyon.com<br \/>+905015772287<\/p>\t\t\t\t\t\t\t\t<\/div>\n\t\t\t\t<\/div>\n\t\t<div data-aos=\"fade-up\" class=\"hostinger-elementor-aos elementor-element elementor-element-dbc60e1 e-con-full e-flex e-con e-child\" data-id=\"dbc60e1\" data-element_type=\"container\" data-e-type=\"container\">\n\t\t\t\t<div class=\"elementor-element elementor-element-974d9e9 elementor-widget elementor-widget-hostinger-contact-form\" data-id=\"974d9e9\" data-element_type=\"widget\" data-e-type=\"widget\" data-widget_type=\"hostinger-contact-form.default\">\n\t\t\t\t<div class=\"elementor-widget-container\">\n\t\t\t\t\t        <div class=\"hostinger-elementor-contact-form\">\n            <section class=\"hts-section hts-page hts-contact-form\">\n                <div class=\"hts-details\">\n                    <div class=\"elementor-hts-contact-details elementor-hts-contacts\">\n                                                    <h2 class=\"contact-form-title\">Contact Us<\/h2>\n                        \n                                                    <p class=\"contact-form-description\">Send us your message.<\/p>\n                        \n                        <form id=\"contact-form-69e752313abb4\" data-recipient=\"YmlsZ2lAZWFtYXJpbm90b21hc3lvbi5jb20=\" action=\"\">\n                            <input type=\"hidden\" id=\"contactform_nonce\" name=\"contactform_nonce\" value=\"5131967ca0\" \/><input type=\"hidden\" name=\"_wp_http_referer\" value=\"\/en\/wp-json\/wp\/v2\/pages\/45\" \/>\n                            <label for=\"contact-form-69e752313abb4-name\">Name<\/label>\n                            <input type=\"text\"\n                                   id=\"contact-form-69e752313abb4-name\"\n                                   class=\"contact-name\"\n                                   name=\"name\"\n                                   placeholder=\"\"\n                                   required>\n\n                            <label for=\"contact-form-69e752313abb4-email\">Email<\/label>\n                            <input type=\"email\"\n                                   id=\"contact-form-69e752313abb4-email\"\n                                   class=\"contact-email\"\n                                   name=\"email\"\n                                   placeholder=\"\"\n                                   required>\n\n                            <label for=\"contact-form-69e752313abb4-message\">Your Message<\/label>\n                            <textarea id=\"contact-form-69e752313abb4-message\"\n                                      class=\"contact-message\"\n                                      name=\"message\"\n                                      placeholder=\"\"\n                                      required><\/textarea>\n\n                            <div class=\"hts-privacy-agree\">\n                                <label class=\"hts-form-control\">\n                                    <input type=\"checkbox\"\n                                           id=\"contact-form-69e752313abb4-privacy-policy-checkbox\"\n                                           class=\"privacy-policy-checkbox\"\n                                           name=\"privacy_policy\"\n                                           required>\n                                    <span>I consent to use of provided personal data for the purpose of responding to the request as described in <a href=\"\" target=\"_blank\">Privacy Policy<\/a> which I have read. I may withdraw my consent at any time.<\/span>\n                                <\/label>\n                            <\/div>\n\n                            <input type=\"submit\" value=\"Send\">\n                            <div class=\"validate-message\"><\/div>\n                        <input type=\"hidden\" name=\"trp-form-language\" value=\"en\"\/><\/form>\n                    <\/div>\n                <\/div>\n            <\/section>\n        <\/div>\n        \t\t\t\t<\/div>\n\t\t\t\t<\/div>\n\t\t\t\t<\/div>\n\t\t\t\t<\/div>\n\t\t\t\t\t<\/div>\n\t\t\t\t<\/div>\n\t\t<div data-aos=\"fade-up\" class=\"hostinger-elementor-aos elementor-element elementor-element-33ecba2 e-flex e-con-boxed e-con e-parent\" data-id=\"33ecba2\" data-element_type=\"container\" data-e-type=\"container\">\n\t\t\t\t\t<div class=\"e-con-inner\">\n\t\t<div data-aos=\"fade-up\" class=\"hostinger-elementor-aos elementor-element elementor-element-7bfd3ec e-con-full e-flex e-con e-child\" data-id=\"7bfd3ec\" data-element_type=\"container\" data-e-type=\"container\">\n\t\t\t\t<div class=\"elementor-element elementor-element-3e65cad hostinger-ai-title elementor-widget elementor-widget-heading\" data-id=\"3e65cad\" data-element_type=\"widget\" data-e-type=\"widget\" data-widget_type=\"heading.default\">\n\t\t\t\t\t<h2 class=\"elementor-heading-title elementor-size-default\">Location<\/h2>\t\t\t\t<\/div>\n\t\t\t\t<div class=\"elementor-element elementor-element-bef5a22 hostinger-ai-description elementor-widget elementor-widget-text-editor\" data-id=\"bef5a22\" data-element_type=\"widget\" data-e-type=\"widget\" data-widget_type=\"text-editor.default\">\n\t\t\t\t\t\t\t\t\t<p>Based in \u00c7anakkale \u2013 Providing Marine Services Across Turkey<\/p>\t\t\t\t\t\t\t\t<\/div>\n\t\t<div data-aos=\"fade-up\" class=\"hostinger-elementor-aos elementor-element elementor-element-651ce8d e-grid e-con-full e-con e-child\" data-id=\"651ce8d\" data-element_type=\"container\" data-e-type=\"container\">\n\t\t<div data-aos=\"fade-up\" class=\"hostinger-elementor-aos elementor-element elementor-element-7677bc6 e-con-full e-flex e-con e-child\" data-id=\"7677bc6\" data-element_type=\"container\" data-e-type=\"container\">\n\t\t\t\t<div class=\"elementor-element elementor-element-83c7a72 hostinger-ai-title hostinger-index-1 hostinger-ai-font-bold elementor-widget elementor-widget-heading\" data-id=\"83c7a72\" data-element_type=\"widget\" data-e-type=\"widget\" data-widget_type=\"heading.default\">\n\t\t\t\t\t<h2 class=\"elementor-heading-title elementor-size-default\">Our Office &amp; Workshop<\/h2>\t\t\t\t<\/div>\n\t\t\t\t<div class=\"elementor-element elementor-element-dc9a6c7 elementor-widget__width-initial elementor-widget elementor-widget-text-editor\" data-id=\"dc9a6c7\" data-element_type=\"widget\" data-e-type=\"widget\" data-widget_type=\"text-editor.default\">\n\t\t\t\t\t\t\t\t\t<p>I\u015eIKLAR K\u00d6Y\u00dc, TEST\u0130C\u0130KIRI MEVK\u0130\u0130, \u00c7AN YOLU 7. SK. NO: 6 \u0130\u00c7 KAPI NO: 8 MERKEZ\/\u00c7ANAKKALE<\/p>\t\t\t\t\t\t\t\t<\/div>\n\t\t\t\t<\/div>\n\t\t\t\t<\/div>\n\t\t\t\t<div class=\"elementor-element elementor-element-be46c88 elementor-widget elementor-widget-html\" data-id=\"be46c88\" data-element_type=\"widget\" data-e-type=\"widget\" data-widget_type=\"html.default\">\n\t\t\t\t\t<iframe src=\"https:\/\/www.google.com\/maps\/embed?pb=!1m10!1m8!1m3!1d3617.6789579671618!2d26.46017435759771!3d40.14650286644603!3m2!1i1024!2i768!4f13.1!5e1!3m2!1str!2str!4v1770056439222!5m2!1str!2str\" width=\"600\" height=\"450\" style=\"border:0;\" allowfullscreen=\"\" loading=\"lazy\" referrerpolicy=\"no-referrer-when-downgrade\"><\/iframe>\t\t\t\t<\/div>\n\t\t\t\t<\/div>\n\t\t\t\t\t<\/div>\n\t\t\t\t<\/div>\n\t\t\t\t<\/div>","protected":false},"excerpt":{"rendered":"<p>EA Marin ve Otomasyon Marin Mekanik, Elektrik ve Otomasyon Sistemlerinde Komple \u00c7\u00f6z\u00fcm Orta\u011f\u0131n\u0131z. Hakk\u0131m\u0131zda EA Marin &amp; Otomasyon, deniz ara\u00e7lar\u0131nda mekanik, elektrik ve otomasyon sistemlerine y\u00f6nelik profesyonel bak\u0131m, revizyon ve hassas ar\u0131za tespiti hizmetleri sunarak g\u00fcvenli ve s\u00fcrd\u00fcr\u00fclebilir operasyonlar sa\u011flar. Learn More Hizmet Alanlar\u0131m\u0131z Marin elektrik ar\u0131za tespiti Pano kontrol ve revizyon Sens\u00f6r ve saha [&hellip;]<\/p>\n","protected":false},"author":1,"featured_media":0,"parent":0,"menu_order":0,"comment_status":"closed","ping_status":"closed","template":"elementor_header_footer","meta":{"footnotes":""},"class_list":["post-45","page","type-page","status-publish","hentry"],"_hostinger_reach_plugin_has_subscription_block":false,"_hostinger_reach_plugin_is_elementor":false,"_links":{"self":[{"href":"https:\/\/eamarinotomasyon.com\/en\/wp-json\/wp\/v2\/pages\/45","targetHints":{"allow":["GET"]}}],"collection":[{"href":"https:\/\/eamarinotomasyon.com\/en\/wp-json\/wp\/v2\/pages"}],"about":[{"href":"https:\/\/eamarinotomasyon.com\/en\/wp-json\/wp\/v2\/types\/page"}],"author":[{"embeddable":true,"href":"https:\/\/eamarinotomasyon.com\/en\/wp-json\/wp\/v2\/users\/1"}],"replies":[{"embeddable":true,"href":"https:\/\/eamarinotomasyon.com\/en\/wp-json\/wp\/v2\/comments?post=45"}],"version-history":[{"count":15,"href":"https:\/\/eamarinotomasyon.com\/en\/wp-json\/wp\/v2\/pages\/45\/revisions"}],"predecessor-version":[{"id":92,"href":"https:\/\/eamarinotomasyon.com\/en\/wp-json\/wp\/v2\/pages\/45\/revisions\/92"}],"wp:attachment":[{"href":"https:\/\/eamarinotomasyon.com\/en\/wp-json\/wp\/v2\/media?parent=45"}],"curies":[{"name":"wp","href":"https:\/\/api.w.org\/{rel}","templated":true}]}}